{"id":4193,"date":"2023-11-30T22:17:17","date_gmt":"2023-11-30T21:17:17","guid":{"rendered":"https:\/\/studioslila.ca\/?post_type=product&#038;p=4193"},"modified":"2025-11-04T18:04:47","modified_gmt":"2025-11-04T17:04:47","slug":"barre-de-stabilite","status":"publish","type":"product","link":"https:\/\/studioslila.ca\/fr\/shop\/barre-de-stabilite\/","title":{"rendered":"Power Plate\u00ae Barre de stabilit\u00e9"},"content":{"rendered":"<p>E<span style=\"color: #2a2a2a;\">n noir seulement.<\/span><\/p>\n<p><span style=\"color: #2a2a2a;\">L\u2019assemblage de ce kit d\u2019accessoires ne prend que quelques minutes. Une fois install\u00e9e, la barre de stabilit\u00e9 offre une stabilit\u00e9 accrue.<\/span><\/p>\n<p><span style=\"color: #2a2a2a;\">En prime, la barre de stabilit\u00e9 comprend un support d\u2019appareil mobile afin que vous puissiez facilement regarder et suivre les centaines de vid\u00e9os d\u2019exercice gratuites incluses sur l\u2019application Power Plate.<\/span><\/p>\n<p><span style=\"color: #2a2a2a;\">REMARQUE : Ces accessoires ne sont compatibles qu\u2019avec Power Plate MOVE.<\/span><\/p>\n<p><span style=\"color: #2a2a2a;\">Notez que l&rsquo;appareil MOVE n\u2019est pas inclus et est montr\u00e9 sur la photo \u00e0 des fins d\u2019illustration uniquement.<\/span><\/p>\n<p><span style=\"color: #2a2a2a;\">Inclus: barre, poign\u00e9es, plaque, support pour appareil mobile.<\/span><\/p>\n<p>&nbsp;<\/p>\n<p>&nbsp;<\/p>\n","protected":false},"excerpt":{"rendered":"<p><span style=\"color: #2a2a2a;\">La barre de stabilit\u00e9 pour le mod\u00e8le MOVE offre une stabilit\u00e9 suppl\u00e9mentaire lors d\u2019exercices d\u2019\u00e9quilibre.<\/span><\/p>\n<p><span style=\"color: #2a2a2a;\">Compatible avec les mod\u00e8les\u00a0 ayant les num\u00e9ros de s\u00e9rie 77805286 et plus \u00e9lev\u00e9s.<\/span><\/p>\n<p><span style=\"color: #2a2a2a;\">Livraison gratuite au Canada &#8211;<\/span> <a href=\"\/fr\/termes-et-conditions\">Politique de retour<\/a><\/p>\n","protected":false},"featured_media":4191,"template":"","meta":[],"product_brand":[],"product_cat":[],"product_tag":[],"class_list":{"0":"post-4193","1":"product","2":"type-product","3":"status-publish","4":"has-post-thumbnail","7":"first","8":"instock","9":"taxable","10":"shipping-taxable","11":"purchasable","12":"product-type-simple"},"_links":{"self":[{"href":"https:\/\/studioslila.ca\/fr\/wp-json\/wp\/v2\/product\/4193","targetHints":{"allow":["GET"]}}],"collection":[{"href":"https:\/\/studioslila.ca\/fr\/wp-json\/wp\/v2\/product"}],"about":[{"href":"https:\/\/studioslila.ca\/fr\/wp-json\/wp\/v2\/types\/product"}],"wp:featuredmedia":[{"embeddable":true,"href":"https:\/\/studioslila.ca\/fr\/wp-json\/wp\/v2\/media\/4191"}],"wp:attachment":[{"href":"https:\/\/studioslila.ca\/fr\/wp-json\/wp\/v2\/media?parent=4193"}],"wp:term":[{"taxonomy":"product_brand","embeddable":true,"href":"https:\/\/studioslila.ca\/fr\/wp-json\/wp\/v2\/product_brand?post=4193"},{"taxonomy":"product_cat","embeddable":true,"href":"https:\/\/studioslila.ca\/fr\/wp-json\/wp\/v2\/product_cat?post=4193"},{"taxonomy":"product_tag","embeddable":true,"href":"https:\/\/studioslila.ca\/fr\/wp-json\/wp\/v2\/product_tag?post=4193"}],"curies":[{"name":"wp","href":"https:\/\/api.w.org\/{rel}","templated":true}]}}