{"id":3022,"date":"2021-09-15T00:11:28","date_gmt":"2021-09-14T23:11:28","guid":{"rendered":"https:\/\/beta.auplateaudargent.com\/?post_type=product&#038;p=3022"},"modified":"2025-11-04T17:58:33","modified_gmt":"2025-11-04T16:58:33","slug":"power-plate-my7-ecran-virtuel","status":"publish","type":"product","link":"https:\/\/studioslila.ca\/fr\/shop\/power-plate-my7-ecran-virtuel\/","title":{"rendered":"Power Plate\u00ae My7 &#8211; Coach virtuel"},"content":{"rendered":"<ul>\n<li><span style=\"color: #2a2a2a;\">Couleur : noir mat<\/span><\/li>\n<li><span style=\"color: #2a2a2a;\">\u00c9cran virtuel : 250 programmes avec entra\u00eeneurs soit plus de 1000 exercices (anglais)<\/span><\/li>\n<li><span style=\"color: #2a2a2a;\">Technologie proMOTION\u2122 : les cables dynamiques sont int\u00e9gr\u00e9s dans l&rsquo;appareil, multipliant les effets de notre technologie unique : jusqu&rsquo;\u00e0 7 niveaux de performance. Pas besoin de poids avec my7. Les articulations sont prot\u00e9g\u00e9es mais la performance est maximale.<\/span><\/li>\n<li><span style=\"color: #2a2a2a;\">Dimensions du plateau : 74cm x 68cm (33 pouces x 29 pouces)<\/span><\/li>\n<li><span style=\"color: #2a2a2a;\">Secondes: tranches de 30 \u00e0 60, en continu jusqu&rsquo;\u00e0 9 minutes<\/span><\/li>\n<li><span style=\"color: #2a2a2a;\">Fr\u00e9quences : 30 \u00e0 40Hz<\/span><\/li>\n<li><span style=\"color: #2a2a2a;\">Niveaux d\u2019amplitude : Faible et \u00e9lev\u00e9e<\/span><\/li>\n<li><span style=\"color: #2a2a2a;\">Modes de programmation : affichage interactif convivial et t\u00e9l\u00e9-commande<\/span><\/li>\n<li><span style=\"color: #2a2a2a;\">Poids des utilisateurs : jusqu\u2019\u00e0 158 kgs (350lbs)<\/span><\/li>\n<li><span style=\"color: #2a2a2a;\">PrecisionWave\u2122 Technologie : Syst\u00e8me de vibration harmonique haute fid\u00e9lit\u00e9 qui fournit des performances sans compromis pour des r\u00e9sultats in\u00e9gal\u00e9s.<\/span><\/li>\n<li><span style=\"color: #2a2a2a;\">Double Sync\u2122 : ce syst\u00e8me \u00e0 double moteur DualSync maintient un \u00e9quilibre pr\u00e9cis \u00e0 n\u2019importe quel niveau de fr\u00e9quence et d\u2019amplitude, permettant une synchronisation parfaite des vibrations pour une r\u00e9ponse et une efficacit\u00e9 musculaire maximale.<\/span><\/li>\n<li><span style=\"color: #2a2a2a;\">Poids de l\u2019appareil : 134 kgs (295 lbs)<\/span><\/li>\n<li><span style=\"color: #2a2a2a;\">Syst\u00e8me \u00e9cran : Android<\/span><\/li>\n<li><span style=\"color: #2a2a2a;\">Accessoires : instructions, housses, tapis de caoutchouc, poign\u00e9es<\/span><\/li>\n<li><span style=\"color: #2a2a2a;\">Garantie du manufacturier : 3 ans sur \u00e9quipement, un an sur pi\u00e8ces \u00e9lectroniques et main-d&rsquo;oeuvre<\/span><\/li>\n<li><span style=\"color: #2a2a2a;\">CE0086, EMC &#8211; RoHS\/WEEE &#8211; CB NRTL &#8211; C-NRTL &#8211; PSE &#8211; FDA Listed as Class 1 device &#8211; Neat\u2122 de Mayo Clinic<\/span><\/li>\n<\/ul>\n","protected":false},"excerpt":{"rendered":"<p><span style=\"color: #2a2a2a;\">Appelez pour une soumission: 418-957-3973<\/span><br \/>\n<span style=\"color: #2a2a2a;\">Essayez le sur place. Formation disponible en option.<\/span><br \/>\n<span style=\"color: #2a2a2a;\">Livraison gratuite \u00e0 la porte, partout au Canada.<\/span><br \/>\n<span style=\"color: #2a2a2a;\">Besoin d\u2019installation? Contactez-nous pour planifier votre rendez-vous et conna\u00eetre les frais.<\/span><br \/>\n<a href=\"\/fr\/termes-et-conditions\">Politique de retour<\/a><\/p>\n<p>&nbsp;<\/p>\n","protected":false},"featured_media":3851,"template":"","meta":[],"product_brand":[],"product_cat":[28],"product_tag":[],"class_list":{"0":"post-3022","1":"product","2":"type-product","3":"status-publish","4":"has-post-thumbnail","6":"product_cat-uncategorized-2","8":"first","9":"instock","10":"taxable","11":"shipping-taxable","12":"purchasable","13":"product-type-simple"},"_links":{"self":[{"href":"https:\/\/studioslila.ca\/fr\/wp-json\/wp\/v2\/product\/3022","targetHints":{"allow":["GET"]}}],"collection":[{"href":"https:\/\/studioslila.ca\/fr\/wp-json\/wp\/v2\/product"}],"about":[{"href":"https:\/\/studioslila.ca\/fr\/wp-json\/wp\/v2\/types\/product"}],"wp:featuredmedia":[{"embeddable":true,"href":"https:\/\/studioslila.ca\/fr\/wp-json\/wp\/v2\/media\/3851"}],"wp:attachment":[{"href":"https:\/\/studioslila.ca\/fr\/wp-json\/wp\/v2\/media?parent=3022"}],"wp:term":[{"taxonomy":"product_brand","embeddable":true,"href":"https:\/\/studioslila.ca\/fr\/wp-json\/wp\/v2\/product_brand?post=3022"},{"taxonomy":"product_cat","embeddable":true,"href":"https:\/\/studioslila.ca\/fr\/wp-json\/wp\/v2\/product_cat?post=3022"},{"taxonomy":"product_tag","embeddable":true,"href":"https:\/\/studioslila.ca\/fr\/wp-json\/wp\/v2\/product_tag?post=3022"}],"curies":[{"name":"wp","href":"https:\/\/api.w.org\/{rel}","templated":true}]}}