{"id":3011,"date":"2021-08-04T23:36:38","date_gmt":"2021-08-04T22:36:38","guid":{"rendered":"https:\/\/beta.auplateaudargent.com\/?post_type=product&#038;p=3011"},"modified":"2025-11-04T18:02:20","modified_gmt":"2025-11-04T17:02:20","slug":"residentiel-power-plate-my5","status":"publish","type":"product","link":"https:\/\/studioslila.ca\/fr\/shop\/residentiel-power-plate-my5\/","title":{"rendered":"Power Plate\u00ae My5"},"content":{"rendered":"<ul>\n<li><span style=\"color: #2a2a2a;\">Couleur : argent<\/span><\/li>\n<li><span style=\"color: #2a2a2a;\">T\u00e9l\u00e9charger l&rsquo;app Power Plate\u00ae pour des entra\u00eenements virtuels gratuits<\/span><\/li>\n<li><span style=\"color: #2a2a2a;\">Dimensions du plateau : 90cm x 68cm (26 pouces x 23 pouces)<\/span><\/li>\n<li><span style=\"color: #2a2a2a;\">Secondes: 30 ou 60<\/span><\/li>\n<li><span style=\"color: #2a2a2a;\">Fr\u00e9quences : 30, 35, 40Hz<\/span><\/li>\n<li><span style=\"color: #2a2a2a;\">Niveaux d\u2019amplitude : Faible et \u00e9lev\u00e9e<\/span><\/li>\n<li><span style=\"color: #2a2a2a;\">Modes de programmation : Affichage interactif convivial et t\u00e9l\u00e9-commande<\/span><\/li>\n<li><span style=\"color: #2a2a2a;\">Poids des utilisateurs : jusqu\u2019\u00e0 136 kgs (300 lbs)<\/span><\/li>\n<li><span style=\"color: #2a2a2a;\">PrecisionWave\u2122 Technologie : Syst\u00e8me de vibration harmonique haute fid\u00e9lit\u00e9 qui fournit des performances sans compromis pour des r\u00e9sultats in\u00e9gal\u00e9s.<\/span><\/li>\n<li><span style=\"color: #2a2a2a;\">Double Sync\u2122 : ce syst\u00e8me \u00e0 double moteur DualSync maintient un \u00e9quilibre pr\u00e9cis \u00e0 n\u2019importe quel niveau de fr\u00e9quence et d\u2019amplitude, permettant<\/span><br \/>\n<span style=\"color: #2a2a2a;\">une synchronisation parfaite des vibrations pour une r\u00e9ponse et une efficacit\u00e9 musculaire maximale.<\/span><\/li>\n<li><span style=\"color: #2a2a2a;\">Poids de l\u2019appareil : 68 kgs (150 lbs)<\/span><\/li>\n<li><span style=\"color: #2a2a2a;\">Accessoires : deux courroies pour exercices, housses, 3 tapis de caoutchouc de diff\u00e9rentes \u00e9paisseurs \u00e0 utiliser selon l&rsquo;intensit\u00e9 d\u00e9sir\u00e9<\/span><\/li>\n<li><span style=\"color: #2a2a2a;\">Garantie du manufacturier: 3 ans sur \u00e9quipement, 1 an sur pi\u00e8ces \u00e9lectroniques et main-d&rsquo;oeuvre<\/span><\/li>\n<li><span style=\"color: #2a2a2a;\">CE0086, EMC &#8211; RoHS\/WEEE &#8211; CB NRTL &#8211; C-NRTL &#8211; PSE &#8211; FDA Listed as Class 1 device &#8211; Neat\u2122 de Mayo Clinic<\/span><\/li>\n<\/ul>\n","protected":false},"excerpt":{"rendered":"<p><span style=\"color: #2a2a2a;\">Appelez pour une soumission: 418-957-3973<\/span><br \/>\n<span style=\"color: #2a2a2a;\">Essayez le grand fr\u00e8re Pro5 sur place. Formation disponible en option.<\/span><br \/>\n<span style=\"color: #2a2a2a;\">Livraison gratuite \u00e0 la porte, partout au Canada.<\/span><br \/>\n<span style=\"color: #2a2a2a;\">Besoin d\u2019installation? Contactez-nous pour planifier votre rendez-vous et conna\u00eetre les frais.<\/span> Politique de retour<\/p>\n","protected":false},"featured_media":3463,"template":"","meta":[],"product_brand":[],"product_cat":[28],"product_tag":[],"class_list":{"0":"post-3011","1":"product","2":"type-product","3":"status-publish","4":"has-post-thumbnail","6":"product_cat-uncategorized-2","8":"first","9":"instock","10":"taxable","11":"shipping-taxable","12":"purchasable","13":"product-type-simple"},"_links":{"self":[{"href":"https:\/\/studioslila.ca\/fr\/wp-json\/wp\/v2\/product\/3011","targetHints":{"allow":["GET"]}}],"collection":[{"href":"https:\/\/studioslila.ca\/fr\/wp-json\/wp\/v2\/product"}],"about":[{"href":"https:\/\/studioslila.ca\/fr\/wp-json\/wp\/v2\/types\/product"}],"wp:featuredmedia":[{"embeddable":true,"href":"https:\/\/studioslila.ca\/fr\/wp-json\/wp\/v2\/media\/3463"}],"wp:attachment":[{"href":"https:\/\/studioslila.ca\/fr\/wp-json\/wp\/v2\/media?parent=3011"}],"wp:term":[{"taxonomy":"product_brand","embeddable":true,"href":"https:\/\/studioslila.ca\/fr\/wp-json\/wp\/v2\/product_brand?post=3011"},{"taxonomy":"product_cat","embeddable":true,"href":"https:\/\/studioslila.ca\/fr\/wp-json\/wp\/v2\/product_cat?post=3011"},{"taxonomy":"product_tag","embeddable":true,"href":"https:\/\/studioslila.ca\/fr\/wp-json\/wp\/v2\/product_tag?post=3011"}],"curies":[{"name":"wp","href":"https:\/\/api.w.org\/{rel}","templated":true}]}}