{"id":2546,"date":"2021-08-01T03:04:42","date_gmt":"2021-08-01T02:04:42","guid":{"rendered":"https:\/\/beta.auplateaudargent.com?post_type=product&#038;p=2546"},"modified":"2025-11-04T18:00:55","modified_gmt":"2025-11-04T17:00:55","slug":"professionnel-pro5","status":"publish","type":"product","link":"https:\/\/studioslila.ca\/fr\/shop\/professionnel-pro5\/","title":{"rendered":"Power Plate\u00ae Pro5"},"content":{"rendered":"<ul>\n<li><span style=\"color: #2a2a2a;\">La Pro5 est le mod\u00e8le utilis\u00e9 depuis plus de 9 ans \u00e0 nos studios<\/span><\/li>\n<li><span style=\"color: #2a2a2a;\">Couleur : noir mat (autres couleurs sur demande avec d\u00e9lai suppl\u00e9mentaire de 12 semaines et frais additionnels)<\/span><\/li>\n<li><span style=\"color: #2a2a2a;\">Dimensions du plateau : 87cm x 76cm (34 pouces x 30pouces)<\/span><\/li>\n<li><span style=\"color: #2a2a2a;\">Secondes: 30, 45 ou 60 secondes et en continu jusqu\u2019\u00e0 neuf minutes<\/span><\/li>\n<li><span style=\"color: #2a2a2a;\">Fr\u00e9quences : 25 \u00e0 50Hz \/ incr\u00e9ments de 1 Hz<\/span><\/li>\n<li><span style=\"color: #2a2a2a;\">Niveaux d\u2019amplitude : faible et \u00e9lev\u00e9e<\/span><\/li>\n<li><span style=\"color: #2a2a2a;\">Modes de programmation : affichage interactif convivial<\/span><\/li>\n<li><span style=\"color: #2a2a2a;\">Poids des utilisateurs : jusqu\u2019\u00e0 182 kgs (400 lbs)<\/span><\/li>\n<li><span style=\"color: #2a2a2a;\">PrecisionWave\u2122 Technologie : syst\u00e8me de vibration harmonique haute fid\u00e9lit\u00e9 qui fournit des performances sans compromis pour des r\u00e9sultats in\u00e9gal\u00e9s.<\/span><\/li>\n<li><span style=\"color: #2a2a2a;\">Double Sync\u2122 : ce syst\u00e8me \u00e0 double moteur DualSync maintient un \u00e9quilibre pr\u00e9cis \u00e0 n\u2019importe quel niveau de fr\u00e9quence et d\u2019amplitude, permettant une synchronisation parfaite des vibrations pour une r\u00e9ponse et une efficacit\u00e9 musculaire maximale.<\/span><\/li>\n<li><span style=\"color: #2a2a2a;\">Poids de l\u2019appareil : 135 kgs (300 lbs)<\/span><\/li>\n<li><span style=\"color: #2a2a2a;\">Garantie du manufacturier: 3 ans sur \u00e9quipement, 1 an sur pi\u00e8ces \u00e9lectroniques et main-d&rsquo;oeuvre<\/span><\/li>\n<li><span style=\"color: #2a2a2a;\">Accessoires : deux courroies pour exercices, housses, tapis de caoutchouc pour plateau<\/span><\/li>\n<li><span style=\"color: #2a2a2a;\">CE0086, EMC &#8211; RoHS\/WEEE &#8211; CB NRTL &#8211; C-NRTL &#8211; PSE &#8211; FDA Listed as Class 1 device &#8211; Neat\u2122 de Mayo Clinic<\/span><\/li>\n<\/ul>\n","protected":false},"excerpt":{"rendered":"<p><span style=\"color: #2a2a2a;\">Appelez pour une soumission: 418-957-3973<\/span><br \/>\n<span style=\"color: #2a2a2a;\">Essayez le sur place. Formation disponible en option.<\/span><br \/>\n<span style=\"color: #2a2a2a;\">Livraison gratuite \u00e0 la porte, partout au Canada.<\/span><br \/>\n<span style=\"color: #2a2a2a;\">Besoin d\u2019installation? Contactez-nous pour planifier votre rendez-vous et conna\u00eetre les frais.<\/span><br \/>\n<a href=\"\/fr\/termes-et-conditions\">Politique de retour<\/a><\/p>\n","protected":false},"featured_media":4240,"template":"","meta":[],"product_brand":[],"product_cat":[28],"product_tag":[],"class_list":{"0":"post-2546","1":"product","2":"type-product","3":"status-publish","4":"has-post-thumbnail","6":"product_cat-uncategorized-2","8":"first","9":"instock","10":"taxable","11":"shipping-taxable","12":"purchasable","13":"product-type-simple"},"_links":{"self":[{"href":"https:\/\/studioslila.ca\/fr\/wp-json\/wp\/v2\/product\/2546","targetHints":{"allow":["GET"]}}],"collection":[{"href":"https:\/\/studioslila.ca\/fr\/wp-json\/wp\/v2\/product"}],"about":[{"href":"https:\/\/studioslila.ca\/fr\/wp-json\/wp\/v2\/types\/product"}],"wp:featuredmedia":[{"embeddable":true,"href":"https:\/\/studioslila.ca\/fr\/wp-json\/wp\/v2\/media\/4240"}],"wp:attachment":[{"href":"https:\/\/studioslila.ca\/fr\/wp-json\/wp\/v2\/media?parent=2546"}],"wp:term":[{"taxonomy":"product_brand","embeddable":true,"href":"https:\/\/studioslila.ca\/fr\/wp-json\/wp\/v2\/product_brand?post=2546"},{"taxonomy":"product_cat","embeddable":true,"href":"https:\/\/studioslila.ca\/fr\/wp-json\/wp\/v2\/product_cat?post=2546"},{"taxonomy":"product_tag","embeddable":true,"href":"https:\/\/studioslila.ca\/fr\/wp-json\/wp\/v2\/product_tag?post=2546"}],"curies":[{"name":"wp","href":"https:\/\/api.w.org\/{rel}","templated":true}]}}